{"id":545,"date":"2022-05-06T16:19:19","date_gmt":"2022-05-06T14:19:19","guid":{"rendered":"https:\/\/torowinebar.ee\/jata-tagasiside\/"},"modified":"2022-05-17T18:11:19","modified_gmt":"2022-05-17T16:11:19","slug":"jata-tagasiside","status":"publish","type":"page","link":"https:\/\/torowinebar.ee\/et\/jata-tagasiside\/","title":{"rendered":"J\u00e4ta tagasiside"},"content":{"rendered":"\t\t<div data-elementor-type=\"wp-page\" data-elementor-id=\"545\" class=\"elementor elementor-545 elementor-423\" data-elementor-post-type=\"page\">\n\t\t\t\t\t\t<section class=\"elementor-section elementor-top-section elementor-element elementor-element-114cc886 animated-slow elementor-section-boxed elementor-section-height-default elementor-section-height-default\" data-id=\"114cc886\" data-element_type=\"section\" data-e-type=\"section\" data-settings=\"{&quot;animation&quot;:&quot;none&quot;}\">\n\t\t\t\t\t\t<div class=\"elementor-container elementor-column-gap-default\">\n\t\t\t\t\t<div class=\"elementor-column elementor-col-100 elementor-top-column elementor-element elementor-element-740b3800\" data-id=\"740b3800\" data-element_type=\"column\" data-e-type=\"column\">\n\t\t\t<div class=\"elementor-widget-wrap elementor-element-populated\">\n\t\t\t\t\t\t<div class=\"elementor-element elementor-element-5c4e8d32 elementor-widget elementor-widget-menu-anchor\" data-id=\"5c4e8d32\" data-element_type=\"widget\" data-e-type=\"widget\" data-widget_type=\"menu-anchor.default\">\n\t\t\t\t<div class=\"elementor-widget-container\">\n\t\t\t\t\t\t\t<div class=\"elementor-menu-anchor\" id=\"book\"><\/div>\n\t\t\t\t\t\t<\/div>\n\t\t\t\t<\/div>\n\t\t\t\t<section class=\"elementor-section elementor-inner-section elementor-element elementor-element-6d9a3535 elementor-section-boxed elementor-section-height-default elementor-section-height-default\" data-id=\"6d9a3535\" data-element_type=\"section\" data-e-type=\"section\">\n\t\t\t\t\t\t<div class=\"elementor-container elementor-column-gap-default\">\n\t\t\t\t\t<div class=\"elementor-column elementor-col-33 elementor-inner-column elementor-element elementor-element-199d7ecd\" data-id=\"199d7ecd\" data-element_type=\"column\" data-e-type=\"column\">\n\t\t\t<div class=\"elementor-widget-wrap elementor-element-populated\">\n\t\t\t\t\t\t<div class=\"elementor-element elementor-element-398854e8 elementor-widget-divider--view-line elementor-widget elementor-widget-divider\" data-id=\"398854e8\" data-element_type=\"widget\" data-e-type=\"widget\" data-widget_type=\"divider.default\">\n\t\t\t\t<div class=\"elementor-widget-container\">\n\t\t\t\t\t\t\t<div class=\"elementor-divider\">\n\t\t\t<span class=\"elementor-divider-separator\">\n\t\t\t\t\t\t<\/span>\n\t\t<\/div>\n\t\t\t\t\t\t<\/div>\n\t\t\t\t<\/div>\n\t\t\t\t\t<\/div>\n\t\t<\/div>\n\t\t\t\t<div class=\"elementor-column elementor-col-33 elementor-inner-column elementor-element elementor-element-71d12bd0\" data-id=\"71d12bd0\" data-element_type=\"column\" data-e-type=\"column\">\n\t\t\t<div class=\"elementor-widget-wrap elementor-element-populated\">\n\t\t\t\t\t\t<div class=\"elementor-element elementor-element-5fab3206 elementor-widget elementor-widget-heading\" data-id=\"5fab3206\" data-element_type=\"widget\" data-e-type=\"widget\" data-widget_type=\"heading.default\">\n\t\t\t\t<div class=\"elementor-widget-container\">\n\t\t\t\t\t<h2 class=\"elementor-heading-title elementor-size-default\">J\u00e4ta tagasiside<\/h2>\t\t\t\t<\/div>\n\t\t\t\t<\/div>\n\t\t\t\t\t<\/div>\n\t\t<\/div>\n\t\t\t\t<div class=\"elementor-column elementor-col-33 elementor-inner-column elementor-element elementor-element-93cf629\" data-id=\"93cf629\" data-element_type=\"column\" data-e-type=\"column\">\n\t\t\t<div class=\"elementor-widget-wrap elementor-element-populated\">\n\t\t\t\t\t\t<div class=\"elementor-element elementor-element-6403b31 elementor-widget-divider--view-line elementor-widget elementor-widget-divider\" data-id=\"6403b31\" data-element_type=\"widget\" data-e-type=\"widget\" data-widget_type=\"divider.default\">\n\t\t\t\t<div class=\"elementor-widget-container\">\n\t\t\t\t\t\t\t<div class=\"elementor-divider\">\n\t\t\t<span class=\"elementor-divider-separator\">\n\t\t\t\t\t\t<\/span>\n\t\t<\/div>\n\t\t\t\t\t\t<\/div>\n\t\t\t\t<\/div>\n\t\t\t\t\t<\/div>\n\t\t<\/div>\n\t\t\t\t\t<\/div>\n\t\t<\/section>\n\t\t\t\t<div class=\"elementor-element elementor-element-4c81931 elementor-widget elementor-widget-text-editor\" data-id=\"4c81931\" data-element_type=\"widget\" data-e-type=\"widget\" data-widget_type=\"text-editor.default\">\n\t\t\t\t<div class=\"elementor-widget-container\">\n\t\t\t\t\t\t\t\t\t<p>T\u00e4nut\u00e4heks Sinu tagasiside eest anname Sulle j\u00e4rgmisel k\u00fclastusel tasuta pokaali veini. Sinu tagasiside on meile oluline. Ait\u00e4h! <\/p>\t\t\t\t\t\t\t\t<\/div>\n\t\t\t\t<\/div>\n\t\t\t\t\t<\/div>\n\t\t<\/div>\n\t\t\t\t\t<\/div>\n\t\t<\/section>\n\t\t\t\t<section class=\"elementor-section elementor-top-section elementor-element elementor-element-4f312b1 elementor-section-boxed elementor-section-height-default elementor-section-height-default\" data-id=\"4f312b1\" data-element_type=\"section\" data-e-type=\"section\">\n\t\t\t\t\t\t<div class=\"elementor-container elementor-column-gap-default\">\n\t\t\t\t\t<div class=\"elementor-column elementor-col-33 elementor-top-column elementor-element elementor-element-4fc2cc0\" data-id=\"4fc2cc0\" data-element_type=\"column\" data-e-type=\"column\">\n\t\t\t<div class=\"elementor-widget-wrap elementor-element-populated\">\n\t\t\t\t\t\t<div class=\"elementor-element elementor-element-ec67365 elementor-align-justify elementor-mobile-align-justify elementor-widget elementor-widget-button\" data-id=\"ec67365\" data-element_type=\"widget\" data-e-type=\"widget\" data-settings=\"{&quot;_animation&quot;:&quot;none&quot;}\" data-widget_type=\"button.default\">\n\t\t\t\t<div class=\"elementor-widget-container\">\n\t\t\t\t\t\t\t\t\t<div class=\"elementor-button-wrapper\">\n\t\t\t\t\t<a class=\"elementor-button elementor-button-link elementor-size-sm elementor-animation-shrink\" href=\"https:\/\/www.tripadvisor.com\/Restaurant_Review-g274958-d23584188-Reviews-Toro_Winebar-Tallinn_Harju_County.html\">\n\t\t\t\t\t\t<span class=\"elementor-button-content-wrapper\">\n\t\t\t\t\t\t<span class=\"elementor-button-icon\">\n\t\t\t\t<i aria-hidden=\"true\" class=\"fab fa-tripadvisor\"><\/i>\t\t\t<\/span>\n\t\t\t\t\t\t\t\t\t<span class=\"elementor-button-text\">TRIPADVISOR<\/span>\n\t\t\t\t\t<\/span>\n\t\t\t\t\t<\/a>\n\t\t\t\t<\/div>\n\t\t\t\t\t\t\t\t<\/div>\n\t\t\t\t<\/div>\n\t\t\t\t\t<\/div>\n\t\t<\/div>\n\t\t\t\t<div class=\"elementor-column elementor-col-33 elementor-top-column elementor-element elementor-element-c02906a\" data-id=\"c02906a\" data-element_type=\"column\" data-e-type=\"column\">\n\t\t\t<div class=\"elementor-widget-wrap elementor-element-populated\">\n\t\t\t\t\t\t<div class=\"elementor-element elementor-element-bb9d863 elementor-align-justify elementor-mobile-align-justify elementor-widget elementor-widget-button\" data-id=\"bb9d863\" data-element_type=\"widget\" data-e-type=\"widget\" data-settings=\"{&quot;_animation&quot;:&quot;none&quot;}\" data-widget_type=\"button.default\">\n\t\t\t\t<div class=\"elementor-widget-container\">\n\t\t\t\t\t\t\t\t\t<div class=\"elementor-button-wrapper\">\n\t\t\t\t\t<a class=\"elementor-button elementor-button-link elementor-size-sm elementor-animation-shrink\" href=\"https:\/\/www.google.com\/search?q=Toro+veinikohvik&#038;oq=TORO+&#038;aqs=chrome.0.69i59j0i512j69i57j69i59j69i60l4.2544j0j9&#038;sourceid=chrome&#038;ie=UTF-8\">\n\t\t\t\t\t\t<span class=\"elementor-button-content-wrapper\">\n\t\t\t\t\t\t<span class=\"elementor-button-icon\">\n\t\t\t\t<i aria-hidden=\"true\" class=\"fab fa-google\"><\/i>\t\t\t<\/span>\n\t\t\t\t\t\t\t\t\t<span class=\"elementor-button-text\">GOOGLE<\/span>\n\t\t\t\t\t<\/span>\n\t\t\t\t\t<\/a>\n\t\t\t\t<\/div>\n\t\t\t\t\t\t\t\t<\/div>\n\t\t\t\t<\/div>\n\t\t\t\t\t<\/div>\n\t\t<\/div>\n\t\t\t\t<div class=\"elementor-column elementor-col-33 elementor-top-column elementor-element elementor-element-79be74a\" data-id=\"79be74a\" data-element_type=\"column\" data-e-type=\"column\">\n\t\t\t<div class=\"elementor-widget-wrap elementor-element-populated\">\n\t\t\t\t\t\t<div class=\"elementor-element elementor-element-75eecdb elementor-align-justify elementor-mobile-align-justify elementor-widget elementor-widget-button\" data-id=\"75eecdb\" data-element_type=\"widget\" data-e-type=\"widget\" data-settings=\"{&quot;_animation&quot;:&quot;none&quot;}\" data-widget_type=\"button.default\">\n\t\t\t\t<div class=\"elementor-widget-container\">\n\t\t\t\t\t\t\t\t\t<div class=\"elementor-button-wrapper\">\n\t\t\t\t\t<a class=\"elementor-button elementor-button-link elementor-size-sm elementor-animation-shrink\" href=\"https:\/\/www.facebook.com\/Torowinecafe\/reviews\/\">\n\t\t\t\t\t\t<span class=\"elementor-button-content-wrapper\">\n\t\t\t\t\t\t<span class=\"elementor-button-icon\">\n\t\t\t\t<i aria-hidden=\"true\" class=\"fab fa-facebook\"><\/i>\t\t\t<\/span>\n\t\t\t\t\t\t\t\t\t<span class=\"elementor-button-text\">FACEBOOK<\/span>\n\t\t\t\t\t<\/span>\n\t\t\t\t\t<\/a>\n\t\t\t\t<\/div>\n\t\t\t\t\t\t\t\t<\/div>\n\t\t\t\t<\/div>\n\t\t\t\t\t<\/div>\n\t\t<\/div>\n\t\t\t\t\t<\/div>\n\t\t<\/section>\n\t\t\t\t<\/div>\n\t\t","protected":false},"excerpt":{"rendered":"<p>J\u00e4ta tagasiside T\u00e4nut\u00e4heks Sinu tagasiside eest anname Sulle j\u00e4rgmisel k\u00fclastusel tasuta pokaali veini. Sinu tagasiside on meile oluline. Ait\u00e4h! TRIPADVISOR GOOGLE FACEBOOK<\/p>\n","protected":false},"author":2,"featured_media":0,"parent":0,"menu_order":0,"comment_status":"closed","ping_status":"closed","template":"","meta":{"site-sidebar-layout":"no-sidebar","site-content-layout":"page-builder","ast-site-content-layout":"full-width-container","site-content-style":"unboxed","site-sidebar-style":"unboxed","ast-global-header-display":"","ast-banner-title-visibility":"","ast-main-header-display":"","ast-hfb-above-header-display":"","ast-hfb-below-header-display":"","ast-hfb-mobile-header-display":"","site-post-title":"disabled","ast-breadcrumbs-content":"","ast-featured-img":"disabled","footer-sml-layout":"","ast-disable-related-posts":"","theme-transparent-header-meta":"","adv-header-id-meta":"","stick-header-meta":"","header-above-stick-meta":"","header-main-stick-meta":"","header-below-stick-meta":"","astra-migrate-meta-layouts":"default","ast-page-background-enabled":"default","ast-page-background-meta":{"desktop":{"background-color":"var(--ast-global-color-4)","background-image":"","background-repeat":"repeat","background-position":"center center","background-size":"auto","background-attachment":"scroll","background-type":"","background-media":"","overlay-type":"","overlay-color":"","overlay-opacity":"","overlay-gradient":""},"tablet":{"background-color":"","background-image":"","background-repeat":"repeat","background-position":"center center","background-size":"auto","background-attachment":"scroll","background-type":"","background-media":"","overlay-type":"","overlay-color":"","overlay-opacity":"","overlay-gradient":""},"mobile":{"background-color":"","background-image":"","background-repeat":"repeat","background-position":"center center","background-size":"auto","background-attachment":"scroll","background-type":"","background-media":"","overlay-type":"","overlay-color":"","overlay-opacity":"","overlay-gradient":""}},"ast-content-background-meta":{"desktop":{"background-color":"var(--ast-global-color-5)","background-image":"","background-repeat":"repeat","background-position":"center center","background-size":"auto","background-attachment":"scroll","background-type":"","background-media":"","overlay-type":"","overlay-color":"","overlay-opacity":"","overlay-gradient":""},"tablet":{"background-color":"var(--ast-global-color-5)","background-image":"","background-repeat":"repeat","background-position":"center center","background-size":"auto","background-attachment":"scroll","background-type":"","background-media":"","overlay-type":"","overlay-color":"","overlay-opacity":"","overlay-gradient":""},"mobile":{"background-color":"var(--ast-global-color-5)","background-image":"","background-repeat":"repeat","background-position":"center center","background-size":"auto","background-attachment":"scroll","background-type":"","background-media":"","overlay-type":"","overlay-color":"","overlay-opacity":"","overlay-gradient":""}},"footnotes":""},"class_list":["post-545","page","type-page","status-publish","hentry"],"yoast_head":"<!-- This site is optimized with the Yoast SEO plugin v27.3 - https:\/\/yoast.com\/product\/yoast-seo-wordpress\/ -->\n<title>J\u00e4ta tagasiside - Toro Winebar<\/title>\n<meta name=\"robots\" content=\"index, follow, max-snippet:-1, max-image-preview:large, max-video-preview:-1\" \/>\n<link rel=\"canonical\" href=\"https:\/\/torowinebar.ee\/et\/jata-tagasiside\/\" \/>\n<meta property=\"og:locale\" content=\"et_EE\" \/>\n<meta property=\"og:type\" content=\"article\" \/>\n<meta property=\"og:title\" content=\"J\u00e4ta tagasiside - Toro Winebar\" \/>\n<meta property=\"og:description\" content=\"J\u00e4ta tagasiside T\u00e4nut\u00e4heks Sinu tagasiside eest anname Sulle j\u00e4rgmisel k\u00fclastusel tasuta pokaali veini. Sinu tagasiside on meile oluline. Ait\u00e4h! TRIPADVISOR GOOGLE FACEBOOK\" \/>\n<meta property=\"og:url\" content=\"https:\/\/torowinebar.ee\/et\/jata-tagasiside\/\" \/>\n<meta property=\"og:site_name\" content=\"Toro Winebar\" \/>\n<meta property=\"article:modified_time\" content=\"2022-05-17T16:11:19+00:00\" \/>\n<meta name=\"twitter:card\" content=\"summary_large_image\" \/>\n<script type=\"application\/ld+json\" class=\"yoast-schema-graph\">{\"@context\":\"https:\\\/\\\/schema.org\",\"@graph\":[{\"@type\":\"WebPage\",\"@id\":\"https:\\\/\\\/torowinebar.ee\\\/et\\\/jata-tagasiside\\\/\",\"url\":\"https:\\\/\\\/torowinebar.ee\\\/et\\\/jata-tagasiside\\\/\",\"name\":\"J\u00e4ta tagasiside - Toro Winebar\",\"isPartOf\":{\"@id\":\"https:\\\/\\\/torowinebar.ee\\\/#website\"},\"datePublished\":\"2022-05-06T14:19:19+00:00\",\"dateModified\":\"2022-05-17T16:11:19+00:00\",\"breadcrumb\":{\"@id\":\"https:\\\/\\\/torowinebar.ee\\\/et\\\/jata-tagasiside\\\/#breadcrumb\"},\"inLanguage\":\"et\",\"potentialAction\":[{\"@type\":\"ReadAction\",\"target\":[\"https:\\\/\\\/torowinebar.ee\\\/et\\\/jata-tagasiside\\\/\"]}]},{\"@type\":\"BreadcrumbList\",\"@id\":\"https:\\\/\\\/torowinebar.ee\\\/et\\\/jata-tagasiside\\\/#breadcrumb\",\"itemListElement\":[{\"@type\":\"ListItem\",\"position\":1,\"name\":\"Home\",\"item\":\"https:\\\/\\\/torowinebar.ee\\\/et\\\/avaleht\\\/\"},{\"@type\":\"ListItem\",\"position\":2,\"name\":\"J\u00e4ta tagasiside\"}]},{\"@type\":\"WebSite\",\"@id\":\"https:\\\/\\\/torowinebar.ee\\\/#website\",\"url\":\"https:\\\/\\\/torowinebar.ee\\\/\",\"name\":\"Toro Winebar\",\"description\":\"\",\"publisher\":{\"@id\":\"https:\\\/\\\/torowinebar.ee\\\/#organization\"},\"potentialAction\":[{\"@type\":\"SearchAction\",\"target\":{\"@type\":\"EntryPoint\",\"urlTemplate\":\"https:\\\/\\\/torowinebar.ee\\\/?s={search_term_string}\"},\"query-input\":{\"@type\":\"PropertyValueSpecification\",\"valueRequired\":true,\"valueName\":\"search_term_string\"}}],\"inLanguage\":\"et\"},{\"@type\":\"Organization\",\"@id\":\"https:\\\/\\\/torowinebar.ee\\\/#organization\",\"name\":\"Toro Winebar\",\"url\":\"https:\\\/\\\/torowinebar.ee\\\/\",\"logo\":{\"@type\":\"ImageObject\",\"inLanguage\":\"et\",\"@id\":\"https:\\\/\\\/torowinebar.ee\\\/#\\\/schema\\\/logo\\\/image\\\/\",\"url\":\"https:\\\/\\\/torowinebar.ee\\\/wp-content\\\/uploads\\\/2022\\\/03\\\/toro_logo-1.png\",\"contentUrl\":\"https:\\\/\\\/torowinebar.ee\\\/wp-content\\\/uploads\\\/2022\\\/03\\\/toro_logo-1.png\",\"width\":600,\"height\":300,\"caption\":\"Toro Winebar\"},\"image\":{\"@id\":\"https:\\\/\\\/torowinebar.ee\\\/#\\\/schema\\\/logo\\\/image\\\/\"}}]}<\/script>\n<!-- \/ Yoast SEO plugin. -->","yoast_head_json":{"title":"J\u00e4ta tagasiside - Toro Winebar","robots":{"index":"index","follow":"follow","max-snippet":"max-snippet:-1","max-image-preview":"max-image-preview:large","max-video-preview":"max-video-preview:-1"},"canonical":"https:\/\/torowinebar.ee\/et\/jata-tagasiside\/","og_locale":"et_EE","og_type":"article","og_title":"J\u00e4ta tagasiside - Toro Winebar","og_description":"J\u00e4ta tagasiside T\u00e4nut\u00e4heks Sinu tagasiside eest anname Sulle j\u00e4rgmisel k\u00fclastusel tasuta pokaali veini. Sinu tagasiside on meile oluline. Ait\u00e4h! TRIPADVISOR GOOGLE FACEBOOK","og_url":"https:\/\/torowinebar.ee\/et\/jata-tagasiside\/","og_site_name":"Toro Winebar","article_modified_time":"2022-05-17T16:11:19+00:00","twitter_card":"summary_large_image","schema":{"@context":"https:\/\/schema.org","@graph":[{"@type":"WebPage","@id":"https:\/\/torowinebar.ee\/et\/jata-tagasiside\/","url":"https:\/\/torowinebar.ee\/et\/jata-tagasiside\/","name":"J\u00e4ta tagasiside - Toro Winebar","isPartOf":{"@id":"https:\/\/torowinebar.ee\/#website"},"datePublished":"2022-05-06T14:19:19+00:00","dateModified":"2022-05-17T16:11:19+00:00","breadcrumb":{"@id":"https:\/\/torowinebar.ee\/et\/jata-tagasiside\/#breadcrumb"},"inLanguage":"et","potentialAction":[{"@type":"ReadAction","target":["https:\/\/torowinebar.ee\/et\/jata-tagasiside\/"]}]},{"@type":"BreadcrumbList","@id":"https:\/\/torowinebar.ee\/et\/jata-tagasiside\/#breadcrumb","itemListElement":[{"@type":"ListItem","position":1,"name":"Home","item":"https:\/\/torowinebar.ee\/et\/avaleht\/"},{"@type":"ListItem","position":2,"name":"J\u00e4ta tagasiside"}]},{"@type":"WebSite","@id":"https:\/\/torowinebar.ee\/#website","url":"https:\/\/torowinebar.ee\/","name":"Toro Winebar","description":"","publisher":{"@id":"https:\/\/torowinebar.ee\/#organization"},"potentialAction":[{"@type":"SearchAction","target":{"@type":"EntryPoint","urlTemplate":"https:\/\/torowinebar.ee\/?s={search_term_string}"},"query-input":{"@type":"PropertyValueSpecification","valueRequired":true,"valueName":"search_term_string"}}],"inLanguage":"et"},{"@type":"Organization","@id":"https:\/\/torowinebar.ee\/#organization","name":"Toro Winebar","url":"https:\/\/torowinebar.ee\/","logo":{"@type":"ImageObject","inLanguage":"et","@id":"https:\/\/torowinebar.ee\/#\/schema\/logo\/image\/","url":"https:\/\/torowinebar.ee\/wp-content\/uploads\/2022\/03\/toro_logo-1.png","contentUrl":"https:\/\/torowinebar.ee\/wp-content\/uploads\/2022\/03\/toro_logo-1.png","width":600,"height":300,"caption":"Toro Winebar"},"image":{"@id":"https:\/\/torowinebar.ee\/#\/schema\/logo\/image\/"}}]}},"_links":{"self":[{"href":"https:\/\/torowinebar.ee\/et\/wp-json\/wp\/v2\/pages\/545","targetHints":{"allow":["GET"]}}],"collection":[{"href":"https:\/\/torowinebar.ee\/et\/wp-json\/wp\/v2\/pages"}],"about":[{"href":"https:\/\/torowinebar.ee\/et\/wp-json\/wp\/v2\/types\/page"}],"author":[{"embeddable":true,"href":"https:\/\/torowinebar.ee\/et\/wp-json\/wp\/v2\/users\/2"}],"replies":[{"embeddable":true,"href":"https:\/\/torowinebar.ee\/et\/wp-json\/wp\/v2\/comments?post=545"}],"version-history":[{"count":2,"href":"https:\/\/torowinebar.ee\/et\/wp-json\/wp\/v2\/pages\/545\/revisions"}],"predecessor-version":[{"id":582,"href":"https:\/\/torowinebar.ee\/et\/wp-json\/wp\/v2\/pages\/545\/revisions\/582"}],"wp:attachment":[{"href":"https:\/\/torowinebar.ee\/et\/wp-json\/wp\/v2\/media?parent=545"}],"curies":[{"name":"wp","href":"https:\/\/api.w.org\/{rel}","templated":true}]}}